{"id":553,"date":"2025-10-21T12:00:18","date_gmt":"2025-10-21T12:00:18","guid":{"rendered":"https:\/\/tolomelia.com\/privacy-policy\/"},"modified":"2025-10-24T11:33:24","modified_gmt":"2025-10-24T11:33:24","slug":"privacy-policy","status":"publish","type":"page","link":"https:\/\/tolomelia.com\/en\/privacy-policy\/","title":{"rendered":"Privacy Policy"},"content":{"rendered":"\t\t<div data-elementor-type=\"wp-page\" data-elementor-id=\"553\" class=\"elementor elementor-553 elementor-3\" data-elementor-post-type=\"page\">\n\t\t\t\t<div class=\"elementor-element elementor-element-6ec30f3 e-flex e-con-boxed e-con e-parent\" data-id=\"6ec30f3\" data-element_type=\"container\" data-e-type=\"container\">\n\t\t\t\t\t<div class=\"e-con-inner\">\n\t\t\t\t<div class=\"elementor-element elementor-element-a833ba3 elementor-widget elementor-widget-heading\" data-id=\"a833ba3\" data-element_type=\"widget\" data-e-type=\"widget\" data-widget_type=\"heading.default\">\n\t\t\t\t\t<h2 class=\"elementor-heading-title elementor-size-default\">Privacy Policy\n<\/h2>\t\t\t\t<\/div>\n\t\t\t\t<div class=\"elementor-element elementor-element-46b47720 elementor-widget elementor-widget-text-editor\" data-id=\"46b47720\" data-element_type=\"widget\" data-e-type=\"widget\" data-widget_type=\"text-editor.default\">\n\t\t\t\t\t\t\t\t\t\n<p class=\"my-2 [&amp;+p]:mt-4 [&amp;_strong:has(+br)]:inline-block [&amp;_strong:has(+br)]:pb-2\">TOLO MELIA guarantees the protection and confidentiality of the personal data that users provide us through this website, in accordance with Regulation (EU) 2016\/679 (GDPR) and Organic Law 3\/2018 (LOPDGDD).<br>The data provided will be processed solely for the management of requests, commercial communications, and service improvement, and will not be transferred to third parties except where legally required or necessary for the provision of subcontracted services (for example, Google). The user may exercise their rights of access, rectification, deletion, limitation of processing, portability, and opposition at any time by sending a communication to <a class=\"reset interactable cursor-pointer decoration-1 underline-offset-1 text-super hover:underline font-semibold\" href=\"mailto:hola@tolomelia.com\" target=\"_blank\" rel=\"nofollow noopener\"><span class=\"text-box-trim-both\">hola@tolomelia.com<\/span><\/a> or to the postal address indicated. For more information on the privacy policy of Google products, please consult their own policies directly.  <\/p>\t\t\t\t\t\t\t\t<\/div>\n\t\t\t\t\t<\/div>\n\t\t\t\t<\/div>\n\t\t\t\t<\/div>\n\t\t","protected":false},"excerpt":{"rendered":"<p>Privacy Policy TOLO MELIA guarantees the protection and confidentiality of the personal data that users provide us through this website, in accordance with Regulation (EU) 2016\/679 (GDPR) and Organic Law 3\/2018 (LOPDGDD).The data provided will be processed solely for the management of requests, commercial communications, and service improvement, and will not be transferred to third [&hellip;]<\/p>\n","protected":false},"author":1,"featured_media":0,"parent":0,"menu_order":0,"comment_status":"closed","ping_status":"closed","template":"elementor_header_footer","meta":{"footnotes":""},"class_list":["post-553","page","type-page","status-publish","hentry"],"yoast_head":"<!-- This site is optimized with the Yoast SEO plugin v27.3 - https:\/\/yoast.com\/product\/yoast-seo-wordpress\/ -->\n<title>Privacy Policy - TOLO MELI\u00c1<\/title>\n<meta name=\"robots\" content=\"index, follow, max-snippet:-1, max-image-preview:large, max-video-preview:-1\" \/>\n<link rel=\"canonical\" href=\"https:\/\/tolomelia.com\/en\/privacy-policy\/\" \/>\n<meta property=\"og:locale\" content=\"en_US\" \/>\n<meta property=\"og:type\" content=\"article\" \/>\n<meta property=\"og:title\" content=\"Privacy Policy - TOLO MELI\u00c1\" \/>\n<meta property=\"og:description\" content=\"Privacy Policy TOLO MELIA guarantees the protection and confidentiality of the personal data that users provide us through this website, in accordance with Regulation (EU) 2016\/679 (GDPR) and Organic Law 3\/2018 (LOPDGDD).The data provided will be processed solely for the management of requests, commercial communications, and service improvement, and will not be transferred to third [&hellip;]\" \/>\n<meta property=\"og:url\" content=\"https:\/\/tolomelia.com\/en\/privacy-policy\/\" \/>\n<meta property=\"og:site_name\" content=\"TOLO MELI\u00c1\" \/>\n<meta property=\"article:modified_time\" content=\"2025-10-24T11:33:24+00:00\" \/>\n<meta property=\"og:image\" content=\"https:\/\/tolomelia.com\/wp-content\/uploads\/2025\/10\/TOLO-MELIA_Aruitecto-interiorista_Mallorca_destacada.jpg\" \/>\n\t<meta property=\"og:image:width\" content=\"1200\" \/>\n\t<meta property=\"og:image:height\" content=\"675\" \/>\n\t<meta property=\"og:image:type\" content=\"image\/jpeg\" \/>\n<meta name=\"twitter:card\" content=\"summary_large_image\" \/>\n<meta name=\"twitter:label1\" content=\"Est. reading time\" \/>\n\t<meta name=\"twitter:data1\" content=\"1 minute\" \/>\n<script type=\"application\/ld+json\" class=\"yoast-schema-graph\">{\"@context\":\"https:\\\/\\\/schema.org\",\"@graph\":[{\"@type\":\"WebPage\",\"@id\":\"https:\\\/\\\/tolomelia.com\\\/en\\\/privacy-policy\\\/\",\"url\":\"https:\\\/\\\/tolomelia.com\\\/en\\\/privacy-policy\\\/\",\"name\":\"Privacy Policy - TOLO MELI\u00c1\",\"isPartOf\":{\"@id\":\"https:\\\/\\\/tolomelia.com\\\/en\\\/#website\"},\"datePublished\":\"2025-10-21T12:00:18+00:00\",\"dateModified\":\"2025-10-24T11:33:24+00:00\",\"breadcrumb\":{\"@id\":\"https:\\\/\\\/tolomelia.com\\\/en\\\/privacy-policy\\\/#breadcrumb\"},\"inLanguage\":\"en-US\",\"potentialAction\":[{\"@type\":\"ReadAction\",\"target\":[\"https:\\\/\\\/tolomelia.com\\\/en\\\/privacy-policy\\\/\"]}]},{\"@type\":\"BreadcrumbList\",\"@id\":\"https:\\\/\\\/tolomelia.com\\\/en\\\/privacy-policy\\\/#breadcrumb\",\"itemListElement\":[{\"@type\":\"ListItem\",\"position\":1,\"name\":\"Portada\",\"item\":\"https:\\\/\\\/tolomelia.com\\\/en\\\/home\\\/\"},{\"@type\":\"ListItem\",\"position\":2,\"name\":\"Privacy Policy\"}]},{\"@type\":\"WebSite\",\"@id\":\"https:\\\/\\\/tolomelia.com\\\/en\\\/#website\",\"url\":\"https:\\\/\\\/tolomelia.com\\\/en\\\/\",\"name\":\"TOLO MELI\u00c1 Arquitecto Interiorista\",\"description\":\"M\u00e1s de 40 a\u00f1os haciendo proyectos de arquitectura e interiorismo; desde la idea, los planos, las mediciones, el dise\u00f1o en 2D, el dise\u00f1o 3D, la renderizaci\u00f3n y finalmente la realizaci\u00f3n de la obra.\",\"publisher\":{\"@id\":\"https:\\\/\\\/tolomelia.com\\\/en\\\/#organization\"},\"alternateName\":\"TOLO MELI\u00c1\",\"potentialAction\":[{\"@type\":\"SearchAction\",\"target\":{\"@type\":\"EntryPoint\",\"urlTemplate\":\"https:\\\/\\\/tolomelia.com\\\/en\\\/?s={search_term_string}\"},\"query-input\":{\"@type\":\"PropertyValueSpecification\",\"valueRequired\":true,\"valueName\":\"search_term_string\"}}],\"inLanguage\":\"en-US\"},{\"@type\":\"Organization\",\"@id\":\"https:\\\/\\\/tolomelia.com\\\/en\\\/#organization\",\"name\":\"TOLO MELI\u00c1 Arquitecto Interiorista\",\"alternateName\":\"TOLO MELI\u00c1\",\"url\":\"https:\\\/\\\/tolomelia.com\\\/en\\\/\",\"logo\":{\"@type\":\"ImageObject\",\"inLanguage\":\"en-US\",\"@id\":\"https:\\\/\\\/tolomelia.com\\\/en\\\/#\\\/schema\\\/logo\\\/image\\\/\",\"url\":\"https:\\\/\\\/tolomelia.com\\\/wp-content\\\/uploads\\\/2025\\\/10\\\/cropped-cropped-cropped-logo_tolo_melia-1-1.png\",\"contentUrl\":\"https:\\\/\\\/tolomelia.com\\\/wp-content\\\/uploads\\\/2025\\\/10\\\/cropped-cropped-cropped-logo_tolo_melia-1-1.png\",\"width\":512,\"height\":512,\"caption\":\"TOLO MELI\u00c1 Arquitecto Interiorista\"},\"image\":{\"@id\":\"https:\\\/\\\/tolomelia.com\\\/en\\\/#\\\/schema\\\/logo\\\/image\\\/\"},\"sameAs\":[\"https:\\\/\\\/www.linkedin.com\\\/in\\\/tolo-melia-340a3030\\\/?originalSubdomain=es\",\"https:\\\/\\\/www.instagram.com\\\/meliatolo\\\/\",\"https:\\\/\\\/share.google\\\/dHDhH5C0iN2n2vUrc\",\"https:\\\/\\\/www.behance.net\\\/3dmelia\"]}]}<\/script>\n<!-- \/ Yoast SEO plugin. -->","yoast_head_json":{"title":"Privacy Policy - TOLO MELI\u00c1","robots":{"index":"index","follow":"follow","max-snippet":"max-snippet:-1","max-image-preview":"max-image-preview:large","max-video-preview":"max-video-preview:-1"},"canonical":"https:\/\/tolomelia.com\/en\/privacy-policy\/","og_locale":"en_US","og_type":"article","og_title":"Privacy Policy - TOLO MELI\u00c1","og_description":"Privacy Policy TOLO MELIA guarantees the protection and confidentiality of the personal data that users provide us through this website, in accordance with Regulation (EU) 2016\/679 (GDPR) and Organic Law 3\/2018 (LOPDGDD).The data provided will be processed solely for the management of requests, commercial communications, and service improvement, and will not be transferred to third [&hellip;]","og_url":"https:\/\/tolomelia.com\/en\/privacy-policy\/","og_site_name":"TOLO MELI\u00c1","article_modified_time":"2025-10-24T11:33:24+00:00","og_image":[{"width":1200,"height":675,"url":"https:\/\/tolomelia.com\/wp-content\/uploads\/2025\/10\/TOLO-MELIA_Aruitecto-interiorista_Mallorca_destacada.jpg","type":"image\/jpeg"}],"twitter_card":"summary_large_image","twitter_misc":{"Est. reading time":"1 minute"},"schema":{"@context":"https:\/\/schema.org","@graph":[{"@type":"WebPage","@id":"https:\/\/tolomelia.com\/en\/privacy-policy\/","url":"https:\/\/tolomelia.com\/en\/privacy-policy\/","name":"Privacy Policy - TOLO MELI\u00c1","isPartOf":{"@id":"https:\/\/tolomelia.com\/en\/#website"},"datePublished":"2025-10-21T12:00:18+00:00","dateModified":"2025-10-24T11:33:24+00:00","breadcrumb":{"@id":"https:\/\/tolomelia.com\/en\/privacy-policy\/#breadcrumb"},"inLanguage":"en-US","potentialAction":[{"@type":"ReadAction","target":["https:\/\/tolomelia.com\/en\/privacy-policy\/"]}]},{"@type":"BreadcrumbList","@id":"https:\/\/tolomelia.com\/en\/privacy-policy\/#breadcrumb","itemListElement":[{"@type":"ListItem","position":1,"name":"Portada","item":"https:\/\/tolomelia.com\/en\/home\/"},{"@type":"ListItem","position":2,"name":"Privacy Policy"}]},{"@type":"WebSite","@id":"https:\/\/tolomelia.com\/en\/#website","url":"https:\/\/tolomelia.com\/en\/","name":"TOLO MELI\u00c1 Arquitecto Interiorista","description":"M\u00e1s de 40 a\u00f1os haciendo proyectos de arquitectura e interiorismo; desde la idea, los planos, las mediciones, el dise\u00f1o en 2D, el dise\u00f1o 3D, la renderizaci\u00f3n y finalmente la realizaci\u00f3n de la obra.","publisher":{"@id":"https:\/\/tolomelia.com\/en\/#organization"},"alternateName":"TOLO MELI\u00c1","potentialAction":[{"@type":"SearchAction","target":{"@type":"EntryPoint","urlTemplate":"https:\/\/tolomelia.com\/en\/?s={search_term_string}"},"query-input":{"@type":"PropertyValueSpecification","valueRequired":true,"valueName":"search_term_string"}}],"inLanguage":"en-US"},{"@type":"Organization","@id":"https:\/\/tolomelia.com\/en\/#organization","name":"TOLO MELI\u00c1 Arquitecto Interiorista","alternateName":"TOLO MELI\u00c1","url":"https:\/\/tolomelia.com\/en\/","logo":{"@type":"ImageObject","inLanguage":"en-US","@id":"https:\/\/tolomelia.com\/en\/#\/schema\/logo\/image\/","url":"https:\/\/tolomelia.com\/wp-content\/uploads\/2025\/10\/cropped-cropped-cropped-logo_tolo_melia-1-1.png","contentUrl":"https:\/\/tolomelia.com\/wp-content\/uploads\/2025\/10\/cropped-cropped-cropped-logo_tolo_melia-1-1.png","width":512,"height":512,"caption":"TOLO MELI\u00c1 Arquitecto Interiorista"},"image":{"@id":"https:\/\/tolomelia.com\/en\/#\/schema\/logo\/image\/"},"sameAs":["https:\/\/www.linkedin.com\/in\/tolo-melia-340a3030\/?originalSubdomain=es","https:\/\/www.instagram.com\/meliatolo\/","https:\/\/share.google\/dHDhH5C0iN2n2vUrc","https:\/\/www.behance.net\/3dmelia"]}]}},"_hostinger_reach_plugin_has_subscription_block":false,"_hostinger_reach_plugin_is_elementor":false,"_links":{"self":[{"href":"https:\/\/tolomelia.com\/en\/wp-json\/wp\/v2\/pages\/553","targetHints":{"allow":["GET"]}}],"collection":[{"href":"https:\/\/tolomelia.com\/en\/wp-json\/wp\/v2\/pages"}],"about":[{"href":"https:\/\/tolomelia.com\/en\/wp-json\/wp\/v2\/types\/page"}],"author":[{"embeddable":true,"href":"https:\/\/tolomelia.com\/en\/wp-json\/wp\/v2\/users\/1"}],"replies":[{"embeddable":true,"href":"https:\/\/tolomelia.com\/en\/wp-json\/wp\/v2\/comments?post=553"}],"version-history":[{"count":3,"href":"https:\/\/tolomelia.com\/en\/wp-json\/wp\/v2\/pages\/553\/revisions"}],"predecessor-version":[{"id":556,"href":"https:\/\/tolomelia.com\/en\/wp-json\/wp\/v2\/pages\/553\/revisions\/556"}],"wp:attachment":[{"href":"https:\/\/tolomelia.com\/en\/wp-json\/wp\/v2\/media?parent=553"}],"curies":[{"name":"wp","href":"https:\/\/api.w.org\/{rel}","templated":true}]}}