{"id":545,"date":"2025-10-22T17:02:39","date_gmt":"2025-10-22T17:02:39","guid":{"rendered":"https:\/\/tolomelia.com\/contact\/"},"modified":"2025-10-24T11:29:45","modified_gmt":"2025-10-24T11:29:45","slug":"contact","status":"publish","type":"page","link":"https:\/\/tolomelia.com\/en\/contact\/","title":{"rendered":"CONTACT"},"content":{"rendered":"\t\t<div data-elementor-type=\"wp-page\" data-elementor-id=\"545\" class=\"elementor elementor-545 elementor-226\" data-elementor-post-type=\"page\">\n\t\t\t\t\t\t<section class=\"elementor-section elementor-top-section elementor-element elementor-element-43156d54 elementor-section-boxed elementor-section-height-default elementor-section-height-default\" data-id=\"43156d54\" data-element_type=\"section\" data-e-type=\"section\">\n\t\t\t\t\t\t\t<div class=\"elementor-background-overlay\"><\/div>\n\t\t\t\t\t\t\t<div class=\"elementor-container elementor-column-gap-default\">\n\t\t\t\t\t<div class=\"elementor-column elementor-col-100 elementor-top-column elementor-element elementor-element-5aca339c\" data-id=\"5aca339c\" data-element_type=\"column\" data-e-type=\"column\">\n\t\t\t<div class=\"elementor-widget-wrap elementor-element-populated\">\n\t\t\t\t\t\t<div class=\"elementor-element elementor-element-51d634b1 elementor-widget elementor-widget-heading\" data-id=\"51d634b1\" data-element_type=\"widget\" data-e-type=\"widget\" data-widget_type=\"heading.default\">\n\t\t\t\t\t<h1 class=\"elementor-heading-title elementor-size-default\">CONTACT<\/h1>\t\t\t\t<\/div>\n\t\t\t\t\t<\/div>\n\t\t<\/div>\n\t\t\t\t\t<\/div>\n\t\t<\/section>\n\t\t\t\t<section class=\"elementor-section elementor-top-section elementor-element elementor-element-6fa233fd elementor-section-full_width elementor-section-height-default elementor-section-height-default\" data-id=\"6fa233fd\" data-element_type=\"section\" data-e-type=\"section\">\n\t\t\t\t\t\t<div class=\"elementor-container elementor-column-gap-no\">\n\t\t\t\t\t<div class=\"elementor-column elementor-col-25 elementor-top-column elementor-element elementor-element-687b305c\" data-id=\"687b305c\" data-element_type=\"column\" data-e-type=\"column\">\n\t\t\t<div class=\"elementor-widget-wrap elementor-element-populated\">\n\t\t\t\t\t\t<div class=\"elementor-element elementor-element-345af479 ekit-equal-height-enable elementor-widget elementor-widget-elementskit-icon-box\" data-id=\"345af479\" data-element_type=\"widget\" data-e-type=\"widget\" data-widget_type=\"elementskit-icon-box.default\">\n\t\t\t\t\t<div class=\"ekit-wid-con\" >        <!-- link opening -->\n                <a href=\"https:\/\/share.google\/dHDhH5C0iN2n2vUrc\" target=\"_blank\" rel=\"nofollow\" class=\"ekit_global_links\">\n                <!-- end link opening -->\n\n        <div class=\"elementskit-infobox text-center text- icon-top-align elementor-animation-   \">\n                    <div class=\"elementskit-box-header elementor-animation-\">\n                <div class=\"elementskit-info-box-icon  \">\n                    <i aria-hidden=\"true\" class=\"elementkit-infobox-icon icon icon-apartment1\"><\/i>\n                <\/div>\n          <\/div>\n                        <div class=\"box-body\">\n                            <h3 class=\"elementskit-info-box-title\">\n                    OFFICE                <\/h3>\n                        \t\t  \t<p>C\/ de Can Bar\u00f3 15, Ponent 07014 Palma, Illes Balears, Spain<\/p>\n                                <\/div>\n        \n        \n                <\/div>\n                <\/a>\n        <\/div>\t\t\t\t<\/div>\n\t\t\t\t\t<\/div>\n\t\t<\/div>\n\t\t\t\t<div class=\"elementor-column elementor-col-25 elementor-top-column elementor-element elementor-element-5270355f\" data-id=\"5270355f\" data-element_type=\"column\" data-e-type=\"column\">\n\t\t\t<div class=\"elementor-widget-wrap elementor-element-populated\">\n\t\t\t\t\t\t<div class=\"elementor-element elementor-element-38dba863 ekit-equal-height-enable elementor-widget elementor-widget-elementskit-icon-box\" data-id=\"38dba863\" data-element_type=\"widget\" data-e-type=\"widget\" data-widget_type=\"elementskit-icon-box.default\">\n\t\t\t\t\t<div class=\"ekit-wid-con\" >        <!-- link opening -->\n                <a href=\"tel:+34957850605\" target=\"_blank\" rel=\"nofollow\" class=\"ekit_global_links\">\n                <!-- end link opening -->\n\n        <div class=\"elementskit-infobox text-center text- icon-top-align elementor-animation-   \">\n                    <div class=\"elementskit-box-header elementor-animation-\">\n                <div class=\"elementskit-info-box-icon  \">\n                    <i aria-hidden=\"true\" class=\"elementkit-infobox-icon icon icon-phone-call1\"><\/i>\n                <\/div>\n          <\/div>\n                        <div class=\"box-body\">\n                            <h3 class=\"elementskit-info-box-title\">\n                    PHONE                <\/h3>\n                        \t\t  \t<p>+34 615 57 99 60<\/p>\n                                <\/div>\n        \n        \n                <\/div>\n                <\/a>\n        <\/div>\t\t\t\t<\/div>\n\t\t\t\t\t<\/div>\n\t\t<\/div>\n\t\t\t\t<div class=\"elementor-column elementor-col-25 elementor-top-column elementor-element elementor-element-14cb07f7\" data-id=\"14cb07f7\" data-element_type=\"column\" data-e-type=\"column\">\n\t\t\t<div class=\"elementor-widget-wrap elementor-element-populated\">\n\t\t\t\t\t\t<div class=\"elementor-element elementor-element-72d6190f ekit-equal-height-enable elementor-widget elementor-widget-elementskit-icon-box\" data-id=\"72d6190f\" data-element_type=\"widget\" data-e-type=\"widget\" data-widget_type=\"elementskit-icon-box.default\">\n\t\t\t\t\t<div class=\"ekit-wid-con\" >        <!-- link opening -->\n                <a href=\"mailto:hola@tolomelia.com\" target=\"_blank\" rel=\"nofollow\" class=\"ekit_global_links\">\n                <!-- end link opening -->\n\n        <div class=\"elementskit-infobox text-center text- icon-top-align elementor-animation-   \">\n                    <div class=\"elementskit-box-header elementor-animation-\">\n                <div class=\"elementskit-info-box-icon  \">\n                    <i aria-hidden=\"true\" class=\"elementkit-infobox-icon icon icon-email\"><\/i>\n                <\/div>\n          <\/div>\n                        <div class=\"box-body\">\n                            <h3 class=\"elementskit-info-box-title\">\n                    EMAIL                <\/h3>\n                        \t\t  \t<p>hola@tolomelia.com<\/p>\n                                <\/div>\n        \n        \n                <\/div>\n                <\/a>\n        <\/div>\t\t\t\t<\/div>\n\t\t\t\t\t<\/div>\n\t\t<\/div>\n\t\t\t\t<div class=\"elementor-column elementor-col-25 elementor-top-column elementor-element elementor-element-7d49e9e3\" data-id=\"7d49e9e3\" data-element_type=\"column\" data-e-type=\"column\">\n\t\t\t<div class=\"elementor-widget-wrap elementor-element-populated\">\n\t\t\t\t\t\t<div class=\"elementor-element elementor-element-605dd5e ekit-equal-height-enable elementor-widget elementor-widget-elementskit-icon-box\" data-id=\"605dd5e\" data-element_type=\"widget\" data-e-type=\"widget\" data-widget_type=\"elementskit-icon-box.default\">\n\t\t\t\t\t<div class=\"ekit-wid-con\" >        <!-- link opening -->\n                <!-- end link opening -->\n\n        <div class=\"elementskit-infobox text-center text- icon-top-align elementor-animation-   \">\n                    <div class=\"elementskit-box-header elementor-animation-\">\n                <div class=\"elementskit-info-box-icon  \">\n                    <i aria-hidden=\"true\" class=\"elementkit-infobox-icon icon icon-faq\"><\/i>\n                <\/div>\n          <\/div>\n                        <div class=\"box-body\">\n                            <h3 class=\"elementskit-info-box-title\">\n                    SOCIAL MEDIA                <\/h3>\n                        \t\t  \t<p>Follow us and stay up to date with our projects<\/p>\n                                <\/div>\n        \n        \n                <\/div>\n        <\/div>\t\t\t\t<\/div>\n\t\t\t\t\t<\/div>\n\t\t<\/div>\n\t\t\t\t\t<\/div>\n\t\t<\/section>\n\t\t\t\t<section class=\"elementor-section elementor-top-section elementor-element elementor-element-440b7c9b elementor-section-full_width elementor-section-height-default elementor-section-height-default\" data-id=\"440b7c9b\" data-element_type=\"section\" data-e-type=\"section\">\n\t\t\t\t\t\t<div class=\"elementor-container elementor-column-gap-no\">\n\t\t\t\t\t<div class=\"elementor-column elementor-col-100 elementor-top-column elementor-element elementor-element-2f3632b5\" data-id=\"2f3632b5\" data-element_type=\"column\" data-e-type=\"column\">\n\t\t\t<div class=\"elementor-widget-wrap elementor-element-populated\">\n\t\t\t\t\t\t<div class=\"elementor-element elementor-element-43c0ae7 elementor-widget elementor-widget-google_maps\" data-id=\"43c0ae7\" data-element_type=\"widget\" data-e-type=\"widget\" data-widget_type=\"google_maps.default\">\n\t\t\t\t\t\t\t<div class=\"elementor-custom-embed\">\n\t\t\t<iframe loading=\"lazy\"\n\t\t\t\t\tsrc=\"https:\/\/maps.google.com\/maps?q=tolo%20melia%20interiorismo&#038;t=m&#038;z=16&#038;output=embed&#038;iwloc=near\"\n\t\t\t\t\ttitle=\"tolo melia interiorismo\"\n\t\t\t\t\taria-label=\"tolo melia interiorismo\"\n\t\t\t><\/iframe>\n\t\t<\/div>\n\t\t\t\t\t\t<\/div>\n\t\t\t\t\t<\/div>\n\t\t<\/div>\n\t\t\t\t\t<\/div>\n\t\t<\/section>\n\t\t\t\t<\/div>\n\t\t","protected":false},"excerpt":{"rendered":"<p>OFFICE C\/ de Can Bar\u00f3 15, Ponent 07014 Palma, Illes Balears, Spain PHONE +34 615 57 99 60 EMAIL hola@tolomelia.com SOCIAL MEDIA Follow us and stay up to date with our projects<\/p>\n","protected":false},"author":2,"featured_media":0,"parent":0,"menu_order":0,"comment_status":"closed","ping_status":"closed","template":"elementor_header_footer","meta":{"footnotes":""},"class_list":["post-545","page","type-page","status-publish","hentry"],"yoast_head":"<!-- This site is optimized with the Yoast SEO plugin v27.3 - https:\/\/yoast.com\/product\/yoast-seo-wordpress\/ -->\n<title>CONTACT - TOLO MELI\u00c1<\/title>\n<meta name=\"robots\" content=\"index, follow, max-snippet:-1, max-image-preview:large, max-video-preview:-1\" \/>\n<link rel=\"canonical\" href=\"https:\/\/tolomelia.com\/en\/contact\/\" \/>\n<meta property=\"og:locale\" content=\"en_US\" \/>\n<meta property=\"og:type\" content=\"article\" \/>\n<meta property=\"og:title\" content=\"CONTACT - TOLO MELI\u00c1\" \/>\n<meta property=\"og:description\" content=\"OFFICE C\/ de Can Bar\u00f3 15, Ponent 07014 Palma, Illes Balears, Spain PHONE +34 615 57 99 60 EMAIL hola@tolomelia.com SOCIAL MEDIA Follow us and stay up to date with our projects\" \/>\n<meta property=\"og:url\" content=\"https:\/\/tolomelia.com\/en\/contact\/\" \/>\n<meta property=\"og:site_name\" content=\"TOLO MELI\u00c1\" \/>\n<meta property=\"article:modified_time\" content=\"2025-10-24T11:29:45+00:00\" \/>\n<meta property=\"og:image\" content=\"https:\/\/tolomelia.com\/wp-content\/uploads\/2025\/10\/TOLO-MELIA_Aruitecto-interiorista_Mallorca_destacada.jpg\" \/>\n\t<meta property=\"og:image:width\" content=\"1200\" \/>\n\t<meta property=\"og:image:height\" content=\"675\" \/>\n\t<meta property=\"og:image:type\" content=\"image\/jpeg\" \/>\n<meta name=\"twitter:card\" content=\"summary_large_image\" \/>\n<script type=\"application\/ld+json\" class=\"yoast-schema-graph\">{\"@context\":\"https:\\\/\\\/schema.org\",\"@graph\":[{\"@type\":\"WebPage\",\"@id\":\"https:\\\/\\\/tolomelia.com\\\/en\\\/contact\\\/\",\"url\":\"https:\\\/\\\/tolomelia.com\\\/en\\\/contact\\\/\",\"name\":\"CONTACT - TOLO MELI\u00c1\",\"isPartOf\":{\"@id\":\"https:\\\/\\\/tolomelia.com\\\/en\\\/#website\"},\"datePublished\":\"2025-10-22T17:02:39+00:00\",\"dateModified\":\"2025-10-24T11:29:45+00:00\",\"breadcrumb\":{\"@id\":\"https:\\\/\\\/tolomelia.com\\\/en\\\/contact\\\/#breadcrumb\"},\"inLanguage\":\"en-US\",\"potentialAction\":[{\"@type\":\"ReadAction\",\"target\":[\"https:\\\/\\\/tolomelia.com\\\/en\\\/contact\\\/\"]}]},{\"@type\":\"BreadcrumbList\",\"@id\":\"https:\\\/\\\/tolomelia.com\\\/en\\\/contact\\\/#breadcrumb\",\"itemListElement\":[{\"@type\":\"ListItem\",\"position\":1,\"name\":\"Portada\",\"item\":\"https:\\\/\\\/tolomelia.com\\\/en\\\/home\\\/\"},{\"@type\":\"ListItem\",\"position\":2,\"name\":\"CONTACT\"}]},{\"@type\":\"WebSite\",\"@id\":\"https:\\\/\\\/tolomelia.com\\\/en\\\/#website\",\"url\":\"https:\\\/\\\/tolomelia.com\\\/en\\\/\",\"name\":\"TOLO MELI\u00c1 Arquitecto Interiorista\",\"description\":\"M\u00e1s de 40 a\u00f1os haciendo proyectos de arquitectura e interiorismo; desde la idea, los planos, las mediciones, el dise\u00f1o en 2D, el dise\u00f1o 3D, la renderizaci\u00f3n y finalmente la realizaci\u00f3n de la obra.\",\"publisher\":{\"@id\":\"https:\\\/\\\/tolomelia.com\\\/en\\\/#organization\"},\"alternateName\":\"TOLO MELI\u00c1\",\"potentialAction\":[{\"@type\":\"SearchAction\",\"target\":{\"@type\":\"EntryPoint\",\"urlTemplate\":\"https:\\\/\\\/tolomelia.com\\\/en\\\/?s={search_term_string}\"},\"query-input\":{\"@type\":\"PropertyValueSpecification\",\"valueRequired\":true,\"valueName\":\"search_term_string\"}}],\"inLanguage\":\"en-US\"},{\"@type\":\"Organization\",\"@id\":\"https:\\\/\\\/tolomelia.com\\\/en\\\/#organization\",\"name\":\"TOLO MELI\u00c1 Arquitecto Interiorista\",\"alternateName\":\"TOLO MELI\u00c1\",\"url\":\"https:\\\/\\\/tolomelia.com\\\/en\\\/\",\"logo\":{\"@type\":\"ImageObject\",\"inLanguage\":\"en-US\",\"@id\":\"https:\\\/\\\/tolomelia.com\\\/en\\\/#\\\/schema\\\/logo\\\/image\\\/\",\"url\":\"https:\\\/\\\/tolomelia.com\\\/wp-content\\\/uploads\\\/2025\\\/10\\\/cropped-cropped-cropped-logo_tolo_melia-1-1.png\",\"contentUrl\":\"https:\\\/\\\/tolomelia.com\\\/wp-content\\\/uploads\\\/2025\\\/10\\\/cropped-cropped-cropped-logo_tolo_melia-1-1.png\",\"width\":512,\"height\":512,\"caption\":\"TOLO MELI\u00c1 Arquitecto Interiorista\"},\"image\":{\"@id\":\"https:\\\/\\\/tolomelia.com\\\/en\\\/#\\\/schema\\\/logo\\\/image\\\/\"},\"sameAs\":[\"https:\\\/\\\/www.linkedin.com\\\/in\\\/tolo-melia-340a3030\\\/?originalSubdomain=es\",\"https:\\\/\\\/www.instagram.com\\\/meliatolo\\\/\",\"https:\\\/\\\/share.google\\\/dHDhH5C0iN2n2vUrc\",\"https:\\\/\\\/www.behance.net\\\/3dmelia\"]}]}<\/script>\n<!-- \/ Yoast SEO plugin. -->","yoast_head_json":{"title":"CONTACT - TOLO MELI\u00c1","robots":{"index":"index","follow":"follow","max-snippet":"max-snippet:-1","max-image-preview":"max-image-preview:large","max-video-preview":"max-video-preview:-1"},"canonical":"https:\/\/tolomelia.com\/en\/contact\/","og_locale":"en_US","og_type":"article","og_title":"CONTACT - TOLO MELI\u00c1","og_description":"OFFICE C\/ de Can Bar\u00f3 15, Ponent 07014 Palma, Illes Balears, Spain PHONE +34 615 57 99 60 EMAIL hola@tolomelia.com SOCIAL MEDIA Follow us and stay up to date with our projects","og_url":"https:\/\/tolomelia.com\/en\/contact\/","og_site_name":"TOLO MELI\u00c1","article_modified_time":"2025-10-24T11:29:45+00:00","og_image":[{"width":1200,"height":675,"url":"https:\/\/tolomelia.com\/wp-content\/uploads\/2025\/10\/TOLO-MELIA_Aruitecto-interiorista_Mallorca_destacada.jpg","type":"image\/jpeg"}],"twitter_card":"summary_large_image","schema":{"@context":"https:\/\/schema.org","@graph":[{"@type":"WebPage","@id":"https:\/\/tolomelia.com\/en\/contact\/","url":"https:\/\/tolomelia.com\/en\/contact\/","name":"CONTACT - TOLO MELI\u00c1","isPartOf":{"@id":"https:\/\/tolomelia.com\/en\/#website"},"datePublished":"2025-10-22T17:02:39+00:00","dateModified":"2025-10-24T11:29:45+00:00","breadcrumb":{"@id":"https:\/\/tolomelia.com\/en\/contact\/#breadcrumb"},"inLanguage":"en-US","potentialAction":[{"@type":"ReadAction","target":["https:\/\/tolomelia.com\/en\/contact\/"]}]},{"@type":"BreadcrumbList","@id":"https:\/\/tolomelia.com\/en\/contact\/#breadcrumb","itemListElement":[{"@type":"ListItem","position":1,"name":"Portada","item":"https:\/\/tolomelia.com\/en\/home\/"},{"@type":"ListItem","position":2,"name":"CONTACT"}]},{"@type":"WebSite","@id":"https:\/\/tolomelia.com\/en\/#website","url":"https:\/\/tolomelia.com\/en\/","name":"TOLO MELI\u00c1 Arquitecto Interiorista","description":"M\u00e1s de 40 a\u00f1os haciendo proyectos de arquitectura e interiorismo; desde la idea, los planos, las mediciones, el dise\u00f1o en 2D, el dise\u00f1o 3D, la renderizaci\u00f3n y finalmente la realizaci\u00f3n de la obra.","publisher":{"@id":"https:\/\/tolomelia.com\/en\/#organization"},"alternateName":"TOLO MELI\u00c1","potentialAction":[{"@type":"SearchAction","target":{"@type":"EntryPoint","urlTemplate":"https:\/\/tolomelia.com\/en\/?s={search_term_string}"},"query-input":{"@type":"PropertyValueSpecification","valueRequired":true,"valueName":"search_term_string"}}],"inLanguage":"en-US"},{"@type":"Organization","@id":"https:\/\/tolomelia.com\/en\/#organization","name":"TOLO MELI\u00c1 Arquitecto Interiorista","alternateName":"TOLO MELI\u00c1","url":"https:\/\/tolomelia.com\/en\/","logo":{"@type":"ImageObject","inLanguage":"en-US","@id":"https:\/\/tolomelia.com\/en\/#\/schema\/logo\/image\/","url":"https:\/\/tolomelia.com\/wp-content\/uploads\/2025\/10\/cropped-cropped-cropped-logo_tolo_melia-1-1.png","contentUrl":"https:\/\/tolomelia.com\/wp-content\/uploads\/2025\/10\/cropped-cropped-cropped-logo_tolo_melia-1-1.png","width":512,"height":512,"caption":"TOLO MELI\u00c1 Arquitecto Interiorista"},"image":{"@id":"https:\/\/tolomelia.com\/en\/#\/schema\/logo\/image\/"},"sameAs":["https:\/\/www.linkedin.com\/in\/tolo-melia-340a3030\/?originalSubdomain=es","https:\/\/www.instagram.com\/meliatolo\/","https:\/\/share.google\/dHDhH5C0iN2n2vUrc","https:\/\/www.behance.net\/3dmelia"]}]}},"_hostinger_reach_plugin_has_subscription_block":false,"_hostinger_reach_plugin_is_elementor":false,"_links":{"self":[{"href":"https:\/\/tolomelia.com\/en\/wp-json\/wp\/v2\/pages\/545","targetHints":{"allow":["GET"]}}],"collection":[{"href":"https:\/\/tolomelia.com\/en\/wp-json\/wp\/v2\/pages"}],"about":[{"href":"https:\/\/tolomelia.com\/en\/wp-json\/wp\/v2\/types\/page"}],"author":[{"embeddable":true,"href":"https:\/\/tolomelia.com\/en\/wp-json\/wp\/v2\/users\/2"}],"replies":[{"embeddable":true,"href":"https:\/\/tolomelia.com\/en\/wp-json\/wp\/v2\/comments?post=545"}],"version-history":[{"count":1,"href":"https:\/\/tolomelia.com\/en\/wp-json\/wp\/v2\/pages\/545\/revisions"}],"predecessor-version":[{"id":546,"href":"https:\/\/tolomelia.com\/en\/wp-json\/wp\/v2\/pages\/545\/revisions\/546"}],"wp:attachment":[{"href":"https:\/\/tolomelia.com\/en\/wp-json\/wp\/v2\/media?parent=545"}],"curies":[{"name":"wp","href":"https:\/\/api.w.org\/{rel}","templated":true}]}}