{"id":507,"date":"2025-10-22T17:40:40","date_gmt":"2025-10-22T17:40:40","guid":{"rendered":"https:\/\/tolomelia.com\/legal-notice\/"},"modified":"2025-10-24T10:48:20","modified_gmt":"2025-10-24T10:48:20","slug":"legal-notice","status":"publish","type":"page","link":"https:\/\/tolomelia.com\/en\/legal-notice\/","title":{"rendered":"Legal Notice"},"content":{"rendered":"\t\t<div data-elementor-type=\"wp-page\" data-elementor-id=\"507\" class=\"elementor elementor-507 elementor-283\" data-elementor-post-type=\"page\">\n\t\t\t\t<div class=\"elementor-element elementor-element-f3ff276 e-flex e-con-boxed e-con e-parent\" data-id=\"f3ff276\" data-element_type=\"container\" data-e-type=\"container\">\n\t\t\t\t\t<div class=\"e-con-inner\">\n\t\t\t\t<div class=\"elementor-element elementor-element-36ae27e elementor-widget elementor-widget-heading\" data-id=\"36ae27e\" data-element_type=\"widget\" data-e-type=\"widget\" data-widget_type=\"heading.default\">\n\t\t\t\t\t<h2 class=\"elementor-heading-title elementor-size-default\">Legal Notice<\/h2>\t\t\t\t<\/div>\n\t\t\t\t<div class=\"elementor-element elementor-element-c2d31c0 elementor-widget elementor-widget-text-editor\" data-id=\"c2d31c0\" data-element_type=\"widget\" data-e-type=\"widget\" data-widget_type=\"text-editor.default\">\n\t\t\t\t\t\t\t\t\t\n<p class=\"my-2 [&amp;+p]:mt-4 [&amp;_strong:has(+br)]:inline-block [&amp;_strong:has(+br)]:pb-2\">In compliance with Law 34\/2002, of July 11, on Information Society Services and Electronic Commerce (LSSI-CE), please note that this website is owned by TOLO MELIA, with address at C\/ de Can Bar\u00f3, 15, Ponent, 07014 Palma, Illes Balears.<br>Phone: 615 57 99 60<br>Email: <a class=\"reset interactable cursor-pointer decoration-1 underline-offset-1 text-super hover:underline font-semibold\" href=\"mailto:hola@tolomelia.com\" target=\"_blank\" rel=\"nofollow noopener\"><span class=\"text-box-trim-both\">hola@tolomelia.com<\/span><\/a><\/p>\n<p class=\"my-2 [&amp;+p]:mt-4 [&amp;_strong:has(+br)]:inline-block [&amp;_strong:has(+br)]:pb-2\">Access to and browsing of this website confers the status of user and implies full and unreserved acceptance of all provisions included in this Legal Notice. All intellectual and industrial property rights over the contents of the website belong to TOLO MELIA or to third parties, and their reproduction without express authorization is prohibited. TOLO MELIA is not responsible for the proper functioning of links to external sites or for the content of third parties, including products provided by Google (Google Maps, Google Analytics or other services integrated into the website).<\/p>\t\t\t\t\t\t\t\t<\/div>\n\t\t\t\t\t<\/div>\n\t\t\t\t<\/div>\n\t\t\t\t<\/div>\n\t\t","protected":false},"excerpt":{"rendered":"<p>Legal Notice In compliance with Law 34\/2002, of July 11, on Information Society Services and Electronic Commerce (LSSI-CE), please note that this website is owned by TOLO MELIA, with address at C\/ de Can Bar\u00f3, 15, Ponent, 07014 Palma, Illes Balears.Phone: 615 57 99 60Email: hola@tolomelia.com Access to and browsing of this website confers the [&hellip;]<\/p>\n","protected":false},"author":2,"featured_media":0,"parent":0,"menu_order":0,"comment_status":"closed","ping_status":"closed","template":"elementor_header_footer","meta":{"footnotes":""},"class_list":["post-507","page","type-page","status-publish","hentry"],"yoast_head":"<!-- This site is optimized with the Yoast SEO plugin v27.3 - https:\/\/yoast.com\/product\/yoast-seo-wordpress\/ -->\n<title>Legal Notice - TOLO MELI\u00c1<\/title>\n<meta name=\"robots\" content=\"index, follow, max-snippet:-1, max-image-preview:large, max-video-preview:-1\" \/>\n<link rel=\"canonical\" href=\"https:\/\/tolomelia.com\/en\/legal-notice\/\" \/>\n<meta property=\"og:locale\" content=\"en_US\" \/>\n<meta property=\"og:type\" content=\"article\" \/>\n<meta property=\"og:title\" content=\"Legal Notice - TOLO MELI\u00c1\" \/>\n<meta property=\"og:description\" content=\"Legal Notice In compliance with Law 34\/2002, of July 11, on Information Society Services and Electronic Commerce (LSSI-CE), please note that this website is owned by TOLO MELIA, with address at C\/ de Can Bar\u00f3, 15, Ponent, 07014 Palma, Illes Balears.Phone: 615 57 99 60Email: hola@tolomelia.com Access to and browsing of this website confers the [&hellip;]\" \/>\n<meta property=\"og:url\" content=\"https:\/\/tolomelia.com\/en\/legal-notice\/\" \/>\n<meta property=\"og:site_name\" content=\"TOLO MELI\u00c1\" \/>\n<meta property=\"article:modified_time\" content=\"2025-10-24T10:48:20+00:00\" \/>\n<meta property=\"og:image\" content=\"https:\/\/tolomelia.com\/wp-content\/uploads\/2025\/10\/TOLO-MELIA_Aruitecto-interiorista_Mallorca_destacada.jpg\" \/>\n\t<meta property=\"og:image:width\" content=\"1200\" \/>\n\t<meta property=\"og:image:height\" content=\"675\" \/>\n\t<meta property=\"og:image:type\" content=\"image\/jpeg\" \/>\n<meta name=\"twitter:card\" content=\"summary_large_image\" \/>\n<meta name=\"twitter:label1\" content=\"Est. reading time\" \/>\n\t<meta name=\"twitter:data1\" content=\"1 minute\" \/>\n<script type=\"application\/ld+json\" class=\"yoast-schema-graph\">{\"@context\":\"https:\\\/\\\/schema.org\",\"@graph\":[{\"@type\":\"WebPage\",\"@id\":\"https:\\\/\\\/tolomelia.com\\\/en\\\/legal-notice\\\/\",\"url\":\"https:\\\/\\\/tolomelia.com\\\/en\\\/legal-notice\\\/\",\"name\":\"Legal Notice - TOLO MELI\u00c1\",\"isPartOf\":{\"@id\":\"https:\\\/\\\/tolomelia.com\\\/en\\\/#website\"},\"datePublished\":\"2025-10-22T17:40:40+00:00\",\"dateModified\":\"2025-10-24T10:48:20+00:00\",\"breadcrumb\":{\"@id\":\"https:\\\/\\\/tolomelia.com\\\/en\\\/legal-notice\\\/#breadcrumb\"},\"inLanguage\":\"en-US\",\"potentialAction\":[{\"@type\":\"ReadAction\",\"target\":[\"https:\\\/\\\/tolomelia.com\\\/en\\\/legal-notice\\\/\"]}]},{\"@type\":\"BreadcrumbList\",\"@id\":\"https:\\\/\\\/tolomelia.com\\\/en\\\/legal-notice\\\/#breadcrumb\",\"itemListElement\":[{\"@type\":\"ListItem\",\"position\":1,\"name\":\"Portada\",\"item\":\"https:\\\/\\\/tolomelia.com\\\/en\\\/home\\\/\"},{\"@type\":\"ListItem\",\"position\":2,\"name\":\"Legal Notice\"}]},{\"@type\":\"WebSite\",\"@id\":\"https:\\\/\\\/tolomelia.com\\\/en\\\/#website\",\"url\":\"https:\\\/\\\/tolomelia.com\\\/en\\\/\",\"name\":\"TOLO MELI\u00c1 Arquitecto Interiorista\",\"description\":\"M\u00e1s de 40 a\u00f1os haciendo proyectos de arquitectura e interiorismo; desde la idea, los planos, las mediciones, el dise\u00f1o en 2D, el dise\u00f1o 3D, la renderizaci\u00f3n y finalmente la realizaci\u00f3n de la obra.\",\"publisher\":{\"@id\":\"https:\\\/\\\/tolomelia.com\\\/en\\\/#organization\"},\"alternateName\":\"TOLO MELI\u00c1\",\"potentialAction\":[{\"@type\":\"SearchAction\",\"target\":{\"@type\":\"EntryPoint\",\"urlTemplate\":\"https:\\\/\\\/tolomelia.com\\\/en\\\/?s={search_term_string}\"},\"query-input\":{\"@type\":\"PropertyValueSpecification\",\"valueRequired\":true,\"valueName\":\"search_term_string\"}}],\"inLanguage\":\"en-US\"},{\"@type\":\"Organization\",\"@id\":\"https:\\\/\\\/tolomelia.com\\\/en\\\/#organization\",\"name\":\"TOLO MELI\u00c1 Arquitecto Interiorista\",\"alternateName\":\"TOLO MELI\u00c1\",\"url\":\"https:\\\/\\\/tolomelia.com\\\/en\\\/\",\"logo\":{\"@type\":\"ImageObject\",\"inLanguage\":\"en-US\",\"@id\":\"https:\\\/\\\/tolomelia.com\\\/en\\\/#\\\/schema\\\/logo\\\/image\\\/\",\"url\":\"https:\\\/\\\/tolomelia.com\\\/wp-content\\\/uploads\\\/2025\\\/10\\\/cropped-cropped-cropped-logo_tolo_melia-1-1.png\",\"contentUrl\":\"https:\\\/\\\/tolomelia.com\\\/wp-content\\\/uploads\\\/2025\\\/10\\\/cropped-cropped-cropped-logo_tolo_melia-1-1.png\",\"width\":512,\"height\":512,\"caption\":\"TOLO MELI\u00c1 Arquitecto Interiorista\"},\"image\":{\"@id\":\"https:\\\/\\\/tolomelia.com\\\/en\\\/#\\\/schema\\\/logo\\\/image\\\/\"},\"sameAs\":[\"https:\\\/\\\/www.linkedin.com\\\/in\\\/tolo-melia-340a3030\\\/?originalSubdomain=es\",\"https:\\\/\\\/www.instagram.com\\\/meliatolo\\\/\",\"https:\\\/\\\/share.google\\\/dHDhH5C0iN2n2vUrc\",\"https:\\\/\\\/www.behance.net\\\/3dmelia\"]}]}<\/script>\n<!-- \/ Yoast SEO plugin. -->","yoast_head_json":{"title":"Legal Notice - TOLO MELI\u00c1","robots":{"index":"index","follow":"follow","max-snippet":"max-snippet:-1","max-image-preview":"max-image-preview:large","max-video-preview":"max-video-preview:-1"},"canonical":"https:\/\/tolomelia.com\/en\/legal-notice\/","og_locale":"en_US","og_type":"article","og_title":"Legal Notice - TOLO MELI\u00c1","og_description":"Legal Notice In compliance with Law 34\/2002, of July 11, on Information Society Services and Electronic Commerce (LSSI-CE), please note that this website is owned by TOLO MELIA, with address at C\/ de Can Bar\u00f3, 15, Ponent, 07014 Palma, Illes Balears.Phone: 615 57 99 60Email: hola@tolomelia.com Access to and browsing of this website confers the [&hellip;]","og_url":"https:\/\/tolomelia.com\/en\/legal-notice\/","og_site_name":"TOLO MELI\u00c1","article_modified_time":"2025-10-24T10:48:20+00:00","og_image":[{"width":1200,"height":675,"url":"https:\/\/tolomelia.com\/wp-content\/uploads\/2025\/10\/TOLO-MELIA_Aruitecto-interiorista_Mallorca_destacada.jpg","type":"image\/jpeg"}],"twitter_card":"summary_large_image","twitter_misc":{"Est. reading time":"1 minute"},"schema":{"@context":"https:\/\/schema.org","@graph":[{"@type":"WebPage","@id":"https:\/\/tolomelia.com\/en\/legal-notice\/","url":"https:\/\/tolomelia.com\/en\/legal-notice\/","name":"Legal Notice - TOLO MELI\u00c1","isPartOf":{"@id":"https:\/\/tolomelia.com\/en\/#website"},"datePublished":"2025-10-22T17:40:40+00:00","dateModified":"2025-10-24T10:48:20+00:00","breadcrumb":{"@id":"https:\/\/tolomelia.com\/en\/legal-notice\/#breadcrumb"},"inLanguage":"en-US","potentialAction":[{"@type":"ReadAction","target":["https:\/\/tolomelia.com\/en\/legal-notice\/"]}]},{"@type":"BreadcrumbList","@id":"https:\/\/tolomelia.com\/en\/legal-notice\/#breadcrumb","itemListElement":[{"@type":"ListItem","position":1,"name":"Portada","item":"https:\/\/tolomelia.com\/en\/home\/"},{"@type":"ListItem","position":2,"name":"Legal Notice"}]},{"@type":"WebSite","@id":"https:\/\/tolomelia.com\/en\/#website","url":"https:\/\/tolomelia.com\/en\/","name":"TOLO MELI\u00c1 Arquitecto Interiorista","description":"M\u00e1s de 40 a\u00f1os haciendo proyectos de arquitectura e interiorismo; desde la idea, los planos, las mediciones, el dise\u00f1o en 2D, el dise\u00f1o 3D, la renderizaci\u00f3n y finalmente la realizaci\u00f3n de la obra.","publisher":{"@id":"https:\/\/tolomelia.com\/en\/#organization"},"alternateName":"TOLO MELI\u00c1","potentialAction":[{"@type":"SearchAction","target":{"@type":"EntryPoint","urlTemplate":"https:\/\/tolomelia.com\/en\/?s={search_term_string}"},"query-input":{"@type":"PropertyValueSpecification","valueRequired":true,"valueName":"search_term_string"}}],"inLanguage":"en-US"},{"@type":"Organization","@id":"https:\/\/tolomelia.com\/en\/#organization","name":"TOLO MELI\u00c1 Arquitecto Interiorista","alternateName":"TOLO MELI\u00c1","url":"https:\/\/tolomelia.com\/en\/","logo":{"@type":"ImageObject","inLanguage":"en-US","@id":"https:\/\/tolomelia.com\/en\/#\/schema\/logo\/image\/","url":"https:\/\/tolomelia.com\/wp-content\/uploads\/2025\/10\/cropped-cropped-cropped-logo_tolo_melia-1-1.png","contentUrl":"https:\/\/tolomelia.com\/wp-content\/uploads\/2025\/10\/cropped-cropped-cropped-logo_tolo_melia-1-1.png","width":512,"height":512,"caption":"TOLO MELI\u00c1 Arquitecto Interiorista"},"image":{"@id":"https:\/\/tolomelia.com\/en\/#\/schema\/logo\/image\/"},"sameAs":["https:\/\/www.linkedin.com\/in\/tolo-melia-340a3030\/?originalSubdomain=es","https:\/\/www.instagram.com\/meliatolo\/","https:\/\/share.google\/dHDhH5C0iN2n2vUrc","https:\/\/www.behance.net\/3dmelia"]}]}},"_hostinger_reach_plugin_has_subscription_block":false,"_hostinger_reach_plugin_is_elementor":false,"_links":{"self":[{"href":"https:\/\/tolomelia.com\/en\/wp-json\/wp\/v2\/pages\/507","targetHints":{"allow":["GET"]}}],"collection":[{"href":"https:\/\/tolomelia.com\/en\/wp-json\/wp\/v2\/pages"}],"about":[{"href":"https:\/\/tolomelia.com\/en\/wp-json\/wp\/v2\/types\/page"}],"author":[{"embeddable":true,"href":"https:\/\/tolomelia.com\/en\/wp-json\/wp\/v2\/users\/2"}],"replies":[{"embeddable":true,"href":"https:\/\/tolomelia.com\/en\/wp-json\/wp\/v2\/comments?post=507"}],"version-history":[{"count":3,"href":"https:\/\/tolomelia.com\/en\/wp-json\/wp\/v2\/pages\/507\/revisions"}],"predecessor-version":[{"id":510,"href":"https:\/\/tolomelia.com\/en\/wp-json\/wp\/v2\/pages\/507\/revisions\/510"}],"wp:attachment":[{"href":"https:\/\/tolomelia.com\/en\/wp-json\/wp\/v2\/media?parent=507"}],"curies":[{"name":"wp","href":"https:\/\/api.w.org\/{rel}","templated":true}]}}